{"id":20,"date":"2023-11-02T09:16:23","date_gmt":"2023-11-02T09:16:23","guid":{"rendered":"https:\/\/osmanburakpolat.com\/?page_id=20"},"modified":"2023-11-02T12:15:04","modified_gmt":"2023-11-02T12:15:04","slug":"elementor-20","status":"publish","type":"page","link":"https:\/\/osmanburakpolat.site\/","title":{"rendered":"Elementor #20"},"content":{"rendered":"\t\t<div data-elementor-type=\"wp-page\" data-elementor-id=\"20\" class=\"elementor elementor-20\">\n\t\t\t\t\t\t\t<div class=\"elementor-element elementor-element-07a0e1e e-flex e-con-boxed e-con e-parent\" data-id=\"07a0e1e\" data-element_type=\"container\" data-settings=\"{&quot;content_width&quot;:&quot;boxed&quot;}\" data-core-v316-plus=\"true\">\n\t\t\t\t\t<div class=\"e-con-inner\">\n\t\t\t\t<div class=\"elementor-element elementor-element-c5eeb5b elementor-widget elementor-widget-heading\" data-id=\"c5eeb5b\" data-element_type=\"widget\" data-widget_type=\"heading.default\">\n\t\t\t\t<div class=\"elementor-widget-container\">\n\t\t\t<style>\/*! elementor - v3.17.0 - 01-11-2023 *\/\n.elementor-heading-title{padding:0;margin:0;line-height:1}.elementor-widget-heading .elementor-heading-title[class*=elementor-size-]>a{color:inherit;font-size:inherit;line-height:inherit}.elementor-widget-heading .elementor-heading-title.elementor-size-small{font-size:15px}.elementor-widget-heading .elementor-heading-title.elementor-size-medium{font-size:19px}.elementor-widget-heading .elementor-heading-title.elementor-size-large{font-size:29px}.elementor-widget-heading .elementor-heading-title.elementor-size-xl{font-size:39px}.elementor-widget-heading .elementor-heading-title.elementor-size-xxl{font-size:59px}<\/style><h2 class=\"elementor-heading-title elementor-size-default\">Beware of this thief!<\/h2>\t\t<\/div>\n\t\t\t\t<\/div>\n\t\t\t\t\t<\/div>\n\t\t\t\t<\/div>\n\t\t<div class=\"elementor-element elementor-element-92c8b0c e-flex e-con-boxed e-con e-parent\" data-id=\"92c8b0c\" data-element_type=\"container\" data-settings=\"{&quot;content_width&quot;:&quot;boxed&quot;}\" data-core-v316-plus=\"true\">\n\t\t\t\t\t<div class=\"e-con-inner\">\n\t\t\t\t<div class=\"elementor-element elementor-element-714a5ce elementor-widget elementor-widget-image\" data-id=\"714a5ce\" data-element_type=\"widget\" data-widget_type=\"image.default\">\n\t\t\t\t<div class=\"elementor-widget-container\">\n\t\t\t<style>\/*! elementor - v3.17.0 - 01-11-2023 *\/\n.elementor-widget-image{text-align:center}.elementor-widget-image a{display:inline-block}.elementor-widget-image a img[src$=\".svg\"]{width:48px}.elementor-widget-image img{vertical-align:middle;display:inline-block}<\/style>\t\t\t\t\t\t\t\t\t\t\t\t<img decoding=\"async\" src=\"https:\/\/osmanburakpolat.site\/wp-content\/uploads\/elementor\/thumbs\/Untitled2-qerlqi0qs3wycrvw9wz173hxqdqn6vbzpsqraypz7s.jpg\" title=\"Untitled2\" alt=\"Untitled2\" loading=\"lazy\" \/>\t\t\t\t\t\t\t\t\t\t\t\t\t\t\t<\/div>\n\t\t\t\t<\/div>\n\t\t\t\t\t<\/div>\n\t\t\t\t<\/div>\n\t\t<div class=\"elementor-element elementor-element-772f783 e-flex e-con-boxed e-con e-parent\" data-id=\"772f783\" data-element_type=\"container\" data-settings=\"{&quot;content_width&quot;:&quot;boxed&quot;}\" data-core-v316-plus=\"true\">\n\t\t\t\t\t<div class=\"e-con-inner\">\n\t\t\t\t<div class=\"elementor-element elementor-element-0b5c73c elementor-widget elementor-widget-spacer\" data-id=\"0b5c73c\" data-element_type=\"widget\" data-widget_type=\"spacer.default\">\n\t\t\t\t<div class=\"elementor-widget-container\">\n\t\t\t<style>\/*! elementor - v3.17.0 - 01-11-2023 *\/\n.elementor-column .elementor-spacer-inner{height:var(--spacer-size)}.e-con{--container-widget-width:100%}.e-con-inner>.elementor-widget-spacer,.e-con>.elementor-widget-spacer{width:var(--container-widget-width,var(--spacer-size));--align-self:var(--container-widget-align-self,initial);--flex-shrink:0}.e-con-inner>.elementor-widget-spacer>.elementor-widget-container,.e-con>.elementor-widget-spacer>.elementor-widget-container{height:100%;width:100%}.e-con-inner>.elementor-widget-spacer>.elementor-widget-container>.elementor-spacer,.e-con>.elementor-widget-spacer>.elementor-widget-container>.elementor-spacer{height:100%}.e-con-inner>.elementor-widget-spacer>.elementor-widget-container>.elementor-spacer>.elementor-spacer-inner,.e-con>.elementor-widget-spacer>.elementor-widget-container>.elementor-spacer>.elementor-spacer-inner{height:var(--container-widget-height,var(--spacer-size))}.e-con-inner>.elementor-widget-spacer.elementor-widget-empty,.e-con>.elementor-widget-spacer.elementor-widget-empty{position:relative;min-height:22px;min-width:22px}.e-con-inner>.elementor-widget-spacer.elementor-widget-empty .elementor-widget-empty-icon,.e-con>.elementor-widget-spacer.elementor-widget-empty .elementor-widget-empty-icon{position:absolute;top:0;bottom:0;left:0;right:0;margin:auto;padding:0;width:22px;height:22px}<\/style>\t\t<div class=\"elementor-spacer\">\n\t\t\t<div class=\"elementor-spacer-inner\"><\/div>\n\t\t<\/div>\n\t\t\t\t<\/div>\n\t\t\t\t<\/div>\n\t\t\t\t\t<\/div>\n\t\t\t\t<\/div>\n\t\t<div class=\"elementor-element elementor-element-087f65f e-flex e-con-boxed e-con e-parent\" data-id=\"087f65f\" data-element_type=\"container\" data-settings=\"{&quot;content_width&quot;:&quot;boxed&quot;}\" data-core-v316-plus=\"true\">\n\t\t\t\t\t<div class=\"e-con-inner\">\n\t\t\t\t<div class=\"elementor-element elementor-element-f03bc63 elementor-widget elementor-widget-heading\" data-id=\"f03bc63\" data-element_type=\"widget\" data-widget_type=\"heading.default\">\n\t\t\t\t<div class=\"elementor-widget-container\">\n\t\t\t<h2 class=\"elementor-heading-title elementor-size-default\">OSMAN BURAK POLAT<\/h2>\t\t<\/div>\n\t\t\t\t<\/div>\n\t\t\t\t\t<\/div>\n\t\t\t\t<\/div>\n\t\t<div class=\"elementor-element elementor-element-b44dffa e-flex e-con-boxed e-con e-parent\" data-id=\"b44dffa\" data-element_type=\"container\" data-settings=\"{&quot;content_width&quot;:&quot;boxed&quot;}\" data-core-v316-plus=\"true\">\n\t\t\t\t\t<div class=\"e-con-inner\">\n\t\t\t\t<div class=\"elementor-element elementor-element-7785d99 elementor-widget elementor-widget-spacer\" data-id=\"7785d99\" data-element_type=\"widget\" data-widget_type=\"spacer.default\">\n\t\t\t\t<div class=\"elementor-widget-container\">\n\t\t\t\t\t<div class=\"elementor-spacer\">\n\t\t\t<div class=\"elementor-spacer-inner\"><\/div>\n\t\t<\/div>\n\t\t\t\t<\/div>\n\t\t\t\t<\/div>\n\t\t\t\t\t<\/div>\n\t\t\t\t<\/div>\n\t\t<div class=\"elementor-element elementor-element-0e356d1 e-flex e-con-boxed e-con e-parent\" data-id=\"0e356d1\" data-element_type=\"container\" data-settings=\"{&quot;content_width&quot;:&quot;boxed&quot;}\" data-core-v316-plus=\"true\">\n\t\t\t\t\t<div class=\"e-con-inner\">\n\t\t<div class=\"elementor-element elementor-element-02728ce e-con-full e-flex e-con e-child\" data-id=\"02728ce\" data-element_type=\"container\" data-settings=\"{&quot;content_width&quot;:&quot;full&quot;}\">\n\t\t\t\t<div class=\"elementor-element elementor-element-af81144 elementor-widget elementor-widget-image\" data-id=\"af81144\" data-element_type=\"widget\" data-widget_type=\"image.default\">\n\t\t\t\t<div class=\"elementor-widget-container\">\n\t\t\t\t\t\t\t\t\t\t\t\t\t\t\t<img decoding=\"async\" src=\"https:\/\/osmanburakpolat.site\/wp-content\/uploads\/elementor\/thumbs\/Untitled1-qerlall1erwm9um50bpgxtpw66yfpjulpgd39qe6hc.jpg\" title=\"Untitled1\" alt=\"Untitled1\" loading=\"lazy\" \/>\t\t\t\t\t\t\t\t\t\t\t\t\t\t\t<\/div>\n\t\t\t\t<\/div>\n\t\t\t\t<\/div>\n\t\t<div class=\"elementor-element elementor-element-393fd26 e-con-full e-flex e-con e-child\" data-id=\"393fd26\" data-element_type=\"container\" data-settings=\"{&quot;content_width&quot;:&quot;full&quot;}\">\n\t\t<div class=\"elementor-element elementor-element-9c8c0ce e-con-full e-flex e-con e-child\" data-id=\"9c8c0ce\" data-element_type=\"container\" data-settings=\"{&quot;content_width&quot;:&quot;full&quot;}\">\n\t\t\t\t<div class=\"elementor-element elementor-element-65aeb17 elementor-widget elementor-widget-text-editor\" data-id=\"65aeb17\" data-element_type=\"widget\" data-widget_type=\"text-editor.default\">\n\t\t\t\t<div class=\"elementor-widget-container\">\n\t\t\t<style>\/*! elementor - v3.17.0 - 01-11-2023 *\/\n.elementor-widget-text-editor.elementor-drop-cap-view-stacked .elementor-drop-cap{background-color:#69727d;color:#fff}.elementor-widget-text-editor.elementor-drop-cap-view-framed .elementor-drop-cap{color:#69727d;border:3px solid;background-color:transparent}.elementor-widget-text-editor:not(.elementor-drop-cap-view-default) .elementor-drop-cap{margin-top:8px}.elementor-widget-text-editor:not(.elementor-drop-cap-view-default) .elementor-drop-cap-letter{width:1em;height:1em}.elementor-widget-text-editor .elementor-drop-cap{float:left;text-align:center;line-height:1;font-size:50px}.elementor-widget-text-editor .elementor-drop-cap-letter{display:inline-block}<\/style>\t\t\t\t<p>Osman Burak Polat doland\u0131r\u0131c\u0131d\u0131r.<\/p>\t\t\t\t\t\t<\/div>\n\t\t\t\t<\/div>\n\t\t\t\t<\/div>\n\t\t<div class=\"elementor-element elementor-element-7abf9f0 e-con-full e-flex e-con e-child\" data-id=\"7abf9f0\" data-element_type=\"container\" data-settings=\"{&quot;content_width&quot;:&quot;full&quot;}\">\n\t\t\t\t<div class=\"elementor-element elementor-element-832e4a7 elementor-widget elementor-widget-text-editor\" data-id=\"832e4a7\" data-element_type=\"widget\" data-widget_type=\"text-editor.default\">\n\t\t\t\t<div class=\"elementor-widget-container\">\n\t\t\t\t\t\t\t<p>\u0130\u015f yapma bahanesi ile bir\u00e7ok ki\u015finin paras\u0131n\u0131 \u00e7alm\u0131\u015ft\u0131r.<br \/>Yakalanmamak i\u00e7in s\u00fcrekli konum de\u011fi\u015ftirmektedir.<br \/>L\u00fctfen Dikkatli olun!<\/p>\t\t\t\t\t\t<\/div>\n\t\t\t\t<\/div>\n\t\t\t\t<\/div>\n\t\t\t\t<\/div>\n\t\t\t\t\t<\/div>\n\t\t\t\t<\/div>\n\t\t<div class=\"elementor-element elementor-element-d5ddb2f e-flex e-con-boxed e-con e-parent\" data-id=\"d5ddb2f\" data-element_type=\"container\" data-settings=\"{&quot;content_width&quot;:&quot;boxed&quot;}\" data-core-v316-plus=\"true\">\n\t\t\t\t\t<div class=\"e-con-inner\">\n\t\t\t\t<div class=\"elementor-element elementor-element-e04308b elementor-widget elementor-widget-spacer\" data-id=\"e04308b\" data-element_type=\"widget\" data-widget_type=\"spacer.default\">\n\t\t\t\t<div class=\"elementor-widget-container\">\n\t\t\t\t\t<div class=\"elementor-spacer\">\n\t\t\t<div class=\"elementor-spacer-inner\"><\/div>\n\t\t<\/div>\n\t\t\t\t<\/div>\n\t\t\t\t<\/div>\n\t\t\t\t\t<\/div>\n\t\t\t\t<\/div>\n\t\t<div class=\"elementor-element elementor-element-55efdeb e-flex e-con-boxed e-con e-parent\" data-id=\"55efdeb\" data-element_type=\"container\" data-settings=\"{&quot;content_width&quot;:&quot;boxed&quot;}\" data-core-v316-plus=\"true\">\n\t\t\t\t\t<div class=\"e-con-inner\">\n\t\t<div class=\"elementor-element elementor-element-27a1f52 e-con-full e-flex e-con e-child\" data-id=\"27a1f52\" data-element_type=\"container\" data-settings=\"{&quot;content_width&quot;:&quot;full&quot;}\">\n\t\t<div class=\"elementor-element elementor-element-0544c3f e-con-full e-flex e-con e-child\" data-id=\"0544c3f\" data-element_type=\"container\" data-settings=\"{&quot;content_width&quot;:&quot;full&quot;}\">\n\t\t\t\t<div class=\"elementor-element elementor-element-b2894a3 elementor-widget elementor-widget-text-editor\" data-id=\"b2894a3\" data-element_type=\"widget\" data-widget_type=\"text-editor.default\">\n\t\t\t\t<div class=\"elementor-widget-container\">\n\t\t\t\t\t\t\t<p>Osman Burak Polat is a fraudster.<\/p>\t\t\t\t\t\t<\/div>\n\t\t\t\t<\/div>\n\t\t\t\t<\/div>\n\t\t<div class=\"elementor-element elementor-element-5656d4a e-con-full e-flex e-con e-child\" data-id=\"5656d4a\" data-element_type=\"container\" data-settings=\"{&quot;content_width&quot;:&quot;full&quot;}\">\n\t\t\t\t<div class=\"elementor-element elementor-element-ad05389 elementor-widget elementor-widget-text-editor\" data-id=\"ad05389\" data-element_type=\"widget\" data-widget_type=\"text-editor.default\">\n\t\t\t\t<div class=\"elementor-widget-container\">\n\t\t\t\t\t\t\t<p>He has stolen money from many people under the pretext of doing business.<br \/>He constantly changes his location to avoid being caught.<br \/>Please be cautious!<\/p>\t\t\t\t\t\t<\/div>\n\t\t\t\t<\/div>\n\t\t\t\t<\/div>\n\t\t\t\t<\/div>\n\t\t<div class=\"elementor-element elementor-element-dea8bb5 e-con-full e-flex e-con e-child\" data-id=\"dea8bb5\" data-element_type=\"container\" data-settings=\"{&quot;content_width&quot;:&quot;full&quot;}\">\n\t\t\t\t<div class=\"elementor-element elementor-element-1f37dff elementor-widget elementor-widget-image\" data-id=\"1f37dff\" data-element_type=\"widget\" data-widget_type=\"image.default\">\n\t\t\t\t<div class=\"elementor-widget-container\">\n\t\t\t\t\t\t\t\t\t\t\t\t\t\t\t<img decoding=\"async\" src=\"https:\/\/osmanburakpolat.site\/wp-content\/uploads\/elementor\/thumbs\/Untitled-qerlqolm3y6taxmrplu3z7l6guiill0vyxjwpc8okk.jpg\" title=\"Untitled\" alt=\"Untitled\" loading=\"lazy\" \/>\t\t\t\t\t\t\t\t\t\t\t\t\t\t\t<\/div>\n\t\t\t\t<\/div>\n\t\t\t\t<\/div>\n\t\t\t\t\t<\/div>\n\t\t\t\t<\/div>\n\t\t<div class=\"elementor-element elementor-element-b68858f e-flex e-con-boxed e-con e-parent\" data-id=\"b68858f\" data-element_type=\"container\" data-settings=\"{&quot;content_width&quot;:&quot;boxed&quot;}\" data-core-v316-plus=\"true\">\n\t\t\t\t\t<div class=\"e-con-inner\">\n\t\t\t\t<div class=\"elementor-element elementor-element-c8ad310 elementor-widget elementor-widget-spacer\" data-id=\"c8ad310\" data-element_type=\"widget\" data-widget_type=\"spacer.default\">\n\t\t\t\t<div class=\"elementor-widget-container\">\n\t\t\t\t\t<div class=\"elementor-spacer\">\n\t\t\t<div class=\"elementor-spacer-inner\"><\/div>\n\t\t<\/div>\n\t\t\t\t<\/div>\n\t\t\t\t<\/div>\n\t\t\t\t\t<\/div>\n\t\t\t\t<\/div>\n\t\t\t\t\t\t\t<\/div>\n\t\t","protected":false},"excerpt":{"rendered":"<p>Beware of this thief! OSMAN BURAK POLAT Osman Burak Polat doland\u0131r\u0131c\u0131d\u0131r. \u0130\u015f yapma bahanesi ile bir\u00e7ok ki\u015finin paras\u0131n\u0131 \u00e7alm\u0131\u015ft\u0131r.Yakalanmamak i\u00e7in s\u00fcrekli konum de\u011fi\u015ftirmektedir.L\u00fctfen Dikkatli olun! Osman Burak Polat is a fraudster. He has stolen money from many people under the pretext of doing business.He constantly changes his location to avoid being caught.Please be cautious!<\/p>\n","protected":false},"author":1,"featured_media":0,"parent":0,"menu_order":0,"comment_status":"closed","ping_status":"closed","template":"elementor_header_footer","meta":{"footnotes":""},"class_list":["post-20","page","type-page","status-publish","hentry","entry"],"yoast_head":"<!-- This site is optimized with the Yoast SEO plugin v21.5 - https:\/\/yoast.com\/wordpress\/plugins\/seo\/ -->\n<title>OSMAN BURAK POLAT, Burak Genel Energy Petrol, Lidya Polat \u0130n\u015faat, Adana Beyazevler<\/title>\n<meta name=\"description\" content=\"Osman Burak Polat doland\u0131r\u0131c\u0131d\u0131r. \u0130\u015f yapma bahanesi ile bir\u00e7ok ki\u015finin paras\u0131n\u0131 \u00e7alm\u0131\u015ft\u0131r.Yakalanmamak i\u00e7in s\u00fcrekli konum de\u011fi\u015ftirmektedir.\" \/>\n<meta name=\"robots\" content=\"index, follow, max-snippet:-1, max-image-preview:large, max-video-preview:-1\" \/>\n<link rel=\"canonical\" href=\"https:\/\/osmanburakpolat.site\/\" \/>\n<meta property=\"og:locale\" content=\"en_US\" \/>\n<meta property=\"og:type\" content=\"article\" \/>\n<meta property=\"og:title\" content=\"OSMAN BURAK POLAT, Burak Genel Energy Petrol, Lidya Polat \u0130n\u015faat, Adana Beyazevler\" \/>\n<meta property=\"og:description\" content=\"Osman Burak Polat doland\u0131r\u0131c\u0131d\u0131r. \u0130\u015f yapma bahanesi ile bir\u00e7ok ki\u015finin paras\u0131n\u0131 \u00e7alm\u0131\u015ft\u0131r.Yakalanmamak i\u00e7in s\u00fcrekli konum de\u011fi\u015ftirmektedir.\" \/>\n<meta property=\"og:url\" content=\"https:\/\/osmanburakpolat.site\/\" \/>\n<meta property=\"og:site_name\" content=\"OSMAN BURAK POLAT\" \/>\n<meta property=\"article:modified_time\" content=\"2023-11-02T12:15:04+00:00\" \/>\n<meta property=\"og:image\" content=\"https:\/\/osmanburakpolat.site\/wp-content\/uploads\/elementor\/thumbs\/Untitled2-qerlqi0qs3wycrvw9wz173hxqdqn6vbzpsqraypz7s.jpg\" \/>\n<meta name=\"twitter:card\" content=\"summary_large_image\" \/>\n<meta name=\"twitter:label1\" content=\"Est. reading time\" \/>\n\t<meta name=\"twitter:data1\" content=\"1 minute\" \/>\n<script type=\"application\/ld+json\" class=\"yoast-schema-graph\">{\"@context\":\"https:\/\/schema.org\",\"@graph\":[{\"@type\":\"WebPage\",\"@id\":\"https:\/\/osmanburakpolat.site\/\",\"url\":\"https:\/\/osmanburakpolat.site\/\",\"name\":\"OSMAN BURAK POLAT, Burak Genel Energy Petrol, Lidya Polat \u0130n\u015faat, Adana Beyazevler\",\"isPartOf\":{\"@id\":\"https:\/\/osmanburakpolat.site\/#website\"},\"datePublished\":\"2023-11-02T09:16:23+00:00\",\"dateModified\":\"2023-11-02T12:15:04+00:00\",\"description\":\"Osman Burak Polat doland\u0131r\u0131c\u0131d\u0131r. \u0130\u015f yapma bahanesi ile bir\u00e7ok ki\u015finin paras\u0131n\u0131 \u00e7alm\u0131\u015ft\u0131r.Yakalanmamak i\u00e7in s\u00fcrekli konum de\u011fi\u015ftirmektedir.\",\"breadcrumb\":{\"@id\":\"https:\/\/osmanburakpolat.site\/#breadcrumb\"},\"inLanguage\":\"en-US\",\"potentialAction\":[{\"@type\":\"ReadAction\",\"target\":[\"https:\/\/osmanburakpolat.site\/\"]}]},{\"@type\":\"BreadcrumbList\",\"@id\":\"https:\/\/osmanburakpolat.site\/#breadcrumb\",\"itemListElement\":[{\"@type\":\"ListItem\",\"position\":1,\"name\":\"Home\",\"item\":\"https:\/\/osmanburakpolat.site\/\"},{\"@type\":\"ListItem\",\"position\":2,\"name\":\"Elementor #20\"}]},{\"@type\":\"WebSite\",\"@id\":\"https:\/\/osmanburakpolat.site\/#website\",\"url\":\"https:\/\/osmanburakpolat.site\/\",\"name\":\"OSMAN BURAK POLAT\",\"description\":\"\",\"potentialAction\":[{\"@type\":\"SearchAction\",\"target\":{\"@type\":\"EntryPoint\",\"urlTemplate\":\"https:\/\/osmanburakpolat.site\/?s={search_term_string}\"},\"query-input\":\"required name=search_term_string\"}],\"inLanguage\":\"en-US\"}]}<\/script>\n<!-- \/ Yoast SEO plugin. -->","yoast_head_json":{"title":"OSMAN BURAK POLAT, Burak Genel Energy Petrol, Lidya Polat \u0130n\u015faat, Adana Beyazevler","description":"Osman Burak Polat doland\u0131r\u0131c\u0131d\u0131r. \u0130\u015f yapma bahanesi ile bir\u00e7ok ki\u015finin paras\u0131n\u0131 \u00e7alm\u0131\u015ft\u0131r.Yakalanmamak i\u00e7in s\u00fcrekli konum de\u011fi\u015ftirmektedir.","robots":{"index":"index","follow":"follow","max-snippet":"max-snippet:-1","max-image-preview":"max-image-preview:large","max-video-preview":"max-video-preview:-1"},"canonical":"https:\/\/osmanburakpolat.site\/","og_locale":"en_US","og_type":"article","og_title":"OSMAN BURAK POLAT, Burak Genel Energy Petrol, Lidya Polat \u0130n\u015faat, Adana Beyazevler","og_description":"Osman Burak Polat doland\u0131r\u0131c\u0131d\u0131r. \u0130\u015f yapma bahanesi ile bir\u00e7ok ki\u015finin paras\u0131n\u0131 \u00e7alm\u0131\u015ft\u0131r.Yakalanmamak i\u00e7in s\u00fcrekli konum de\u011fi\u015ftirmektedir.","og_url":"https:\/\/osmanburakpolat.site\/","og_site_name":"OSMAN BURAK POLAT","article_modified_time":"2023-11-02T12:15:04+00:00","og_image":[{"url":"https:\/\/osmanburakpolat.site\/wp-content\/uploads\/elementor\/thumbs\/Untitled2-qerlqi0qs3wycrvw9wz173hxqdqn6vbzpsqraypz7s.jpg"}],"twitter_card":"summary_large_image","twitter_misc":{"Est. reading time":"1 minute"},"schema":{"@context":"https:\/\/schema.org","@graph":[{"@type":"WebPage","@id":"https:\/\/osmanburakpolat.site\/","url":"https:\/\/osmanburakpolat.site\/","name":"OSMAN BURAK POLAT, Burak Genel Energy Petrol, Lidya Polat \u0130n\u015faat, Adana Beyazevler","isPartOf":{"@id":"https:\/\/osmanburakpolat.site\/#website"},"datePublished":"2023-11-02T09:16:23+00:00","dateModified":"2023-11-02T12:15:04+00:00","description":"Osman Burak Polat doland\u0131r\u0131c\u0131d\u0131r. \u0130\u015f yapma bahanesi ile bir\u00e7ok ki\u015finin paras\u0131n\u0131 \u00e7alm\u0131\u015ft\u0131r.Yakalanmamak i\u00e7in s\u00fcrekli konum de\u011fi\u015ftirmektedir.","breadcrumb":{"@id":"https:\/\/osmanburakpolat.site\/#breadcrumb"},"inLanguage":"en-US","potentialAction":[{"@type":"ReadAction","target":["https:\/\/osmanburakpolat.site\/"]}]},{"@type":"BreadcrumbList","@id":"https:\/\/osmanburakpolat.site\/#breadcrumb","itemListElement":[{"@type":"ListItem","position":1,"name":"Home","item":"https:\/\/osmanburakpolat.site\/"},{"@type":"ListItem","position":2,"name":"Elementor #20"}]},{"@type":"WebSite","@id":"https:\/\/osmanburakpolat.site\/#website","url":"https:\/\/osmanburakpolat.site\/","name":"OSMAN BURAK POLAT","description":"","potentialAction":[{"@type":"SearchAction","target":{"@type":"EntryPoint","urlTemplate":"https:\/\/osmanburakpolat.site\/?s={search_term_string}"},"query-input":"required name=search_term_string"}],"inLanguage":"en-US"}]}},"_links":{"self":[{"href":"https:\/\/osmanburakpolat.site\/index.php\/wp-json\/wp\/v2\/pages\/20","targetHints":{"allow":["GET"]}}],"collection":[{"href":"https:\/\/osmanburakpolat.site\/index.php\/wp-json\/wp\/v2\/pages"}],"about":[{"href":"https:\/\/osmanburakpolat.site\/index.php\/wp-json\/wp\/v2\/types\/page"}],"author":[{"embeddable":true,"href":"https:\/\/osmanburakpolat.site\/index.php\/wp-json\/wp\/v2\/users\/1"}],"replies":[{"embeddable":true,"href":"https:\/\/osmanburakpolat.site\/index.php\/wp-json\/wp\/v2\/comments?post=20"}],"version-history":[{"count":30,"href":"https:\/\/osmanburakpolat.site\/index.php\/wp-json\/wp\/v2\/pages\/20\/revisions"}],"predecessor-version":[{"id":67,"href":"https:\/\/osmanburakpolat.site\/index.php\/wp-json\/wp\/v2\/pages\/20\/revisions\/67"}],"wp:attachment":[{"href":"https:\/\/osmanburakpolat.site\/index.php\/wp-json\/wp\/v2\/media?parent=20"}],"curies":[{"name":"wp","href":"https:\/\/api.w.org\/{rel}","templated":true}]}}